{"id":294,"date":"2014-11-26T13:11:14","date_gmt":"2014-11-26T13:11:14","guid":{"rendered":"https:\/\/demo.mekshq.com\/voice\/dc\/?page_id=294"},"modified":"2020-01-05T19:59:02","modified_gmt":"2020-01-05T16:59:02","slug":"contact","status":"publish","type":"page","link":"https:\/\/izhost.com\/blog\/contact\/","title":{"rendered":"\u0130leti\u015fim"},"content":{"rendered":"\n<p>This is an example of a contact page with full support for the Contact Form by WPForms WordPress plugin. Please use <a href=\"https:\/\/mekshq.com\/contact\/\">our official contact page<\/a> if you have&nbsp;any pre-sale questions. We would love to hear from you!<\/p>\n\n\n","protected":false},"excerpt":{"rendered":"<p>This is an example of a contact page with full support for the Contact Form by WPForms WordPress plugin. Please use our official contact page if you have&nbsp;any pre-sale questions. We would love to hear from you!<\/p>\n","protected":false},"author":1,"featured_media":0,"parent":0,"menu_order":9,"comment_status":"closed","ping_status":"closed","template":"","meta":[],"yoast_head":"<!-- This site is optimized with the Yoast SEO plugin v18.0 - https:\/\/yoast.com\/wordpress\/plugins\/seo\/ -->\n<title>\u0130leti\u015fim &raquo; \u0130zHost Blog, Teknolojiden g\u00fcncel haberler<\/title>\n<meta name=\"robots\" content=\"index, follow, max-snippet:-1, max-image-preview:large, max-video-preview:-1\" \/>\n<link rel=\"canonical\" href=\"https:\/\/izhost.com\/blog\/contact\/\" \/>\n<meta property=\"og:locale\" content=\"tr_TR\" \/>\n<meta property=\"og:type\" content=\"article\" \/>\n<meta property=\"og:title\" content=\"\u0130leti\u015fim &raquo; \u0130zHost Blog, Teknolojiden g\u00fcncel haberler\" \/>\n<meta property=\"og:description\" content=\"This is an example of a contact page with full support for the Contact Form by WPForms WordPress plugin. Please use our official contact page if you have&nbsp;any pre-sale questions. We would love to hear from you!\" \/>\n<meta property=\"og:url\" content=\"https:\/\/izhost.com\/blog\/contact\/\" \/>\n<meta property=\"og:site_name\" content=\"\u0130zHost Blog, Teknolojiden g\u00fcncel haberler\" \/>\n<meta property=\"article:modified_time\" content=\"2020-01-05T16:59:02+00:00\" \/>\n<meta name=\"twitter:card\" content=\"summary_large_image\" \/>\n<meta name=\"twitter:site\" content=\"@izhostcom\" \/>\n<script type=\"application\/ld+json\" class=\"yoast-schema-graph\">{\"@context\":\"https:\/\/schema.org\",\"@graph\":[{\"@type\":\"WebSite\",\"@id\":\"https:\/\/izhost.com\/blog\/#website\",\"url\":\"https:\/\/izhost.com\/blog\/\",\"name\":\"\u0130zHost Blog, Teknolojiden g\u00fcncel haberler\",\"description\":\"Domain, Hosting, Sunucu Y\u00f6netimi ve Teknoloji d\u00fcnyas\u0131ndan haberler.\",\"potentialAction\":[{\"@type\":\"SearchAction\",\"target\":{\"@type\":\"EntryPoint\",\"urlTemplate\":\"https:\/\/izhost.com\/blog\/?s={search_term_string}\"},\"query-input\":\"required name=search_term_string\"}],\"inLanguage\":\"tr\"},{\"@type\":\"WebPage\",\"@id\":\"https:\/\/izhost.com\/blog\/contact\/#webpage\",\"url\":\"https:\/\/izhost.com\/blog\/contact\/\",\"name\":\"\u0130leti\u015fim &raquo; \u0130zHost Blog, Teknolojiden g\u00fcncel haberler\",\"isPartOf\":{\"@id\":\"https:\/\/izhost.com\/blog\/#website\"},\"datePublished\":\"2014-11-26T13:11:14+00:00\",\"dateModified\":\"2020-01-05T16:59:02+00:00\",\"breadcrumb\":{\"@id\":\"https:\/\/izhost.com\/blog\/contact\/#breadcrumb\"},\"inLanguage\":\"tr\",\"potentialAction\":[{\"@type\":\"ReadAction\",\"target\":[\"https:\/\/izhost.com\/blog\/contact\/\"]}]},{\"@type\":\"BreadcrumbList\",\"@id\":\"https:\/\/izhost.com\/blog\/contact\/#breadcrumb\",\"itemListElement\":[{\"@type\":\"ListItem\",\"position\":1,\"name\":\"Ana sayfa\",\"item\":\"https:\/\/izhost.com\/blog\/\"},{\"@type\":\"ListItem\",\"position\":2,\"name\":\"\u0130leti\u015fim\"}]}]}<\/script>\n<!-- \/ Yoast SEO plugin. -->","yoast_head_json":{"title":"\u0130leti\u015fim &raquo; \u0130zHost Blog, Teknolojiden g\u00fcncel haberler","robots":{"index":"index","follow":"follow","max-snippet":"max-snippet:-1","max-image-preview":"max-image-preview:large","max-video-preview":"max-video-preview:-1"},"canonical":"https:\/\/izhost.com\/blog\/contact\/","og_locale":"tr_TR","og_type":"article","og_title":"\u0130leti\u015fim &raquo; \u0130zHost Blog, Teknolojiden g\u00fcncel haberler","og_description":"This is an example of a contact page with full support for the Contact Form by WPForms WordPress plugin. Please use our official contact page if you have&nbsp;any pre-sale questions. We would love to hear from you!","og_url":"https:\/\/izhost.com\/blog\/contact\/","og_site_name":"\u0130zHost Blog, Teknolojiden g\u00fcncel haberler","article_modified_time":"2020-01-05T16:59:02+00:00","twitter_card":"summary_large_image","twitter_site":"@izhostcom","schema":{"@context":"https:\/\/schema.org","@graph":[{"@type":"WebSite","@id":"https:\/\/izhost.com\/blog\/#website","url":"https:\/\/izhost.com\/blog\/","name":"\u0130zHost Blog, Teknolojiden g\u00fcncel haberler","description":"Domain, Hosting, Sunucu Y\u00f6netimi ve Teknoloji d\u00fcnyas\u0131ndan haberler.","potentialAction":[{"@type":"SearchAction","target":{"@type":"EntryPoint","urlTemplate":"https:\/\/izhost.com\/blog\/?s={search_term_string}"},"query-input":"required name=search_term_string"}],"inLanguage":"tr"},{"@type":"WebPage","@id":"https:\/\/izhost.com\/blog\/contact\/#webpage","url":"https:\/\/izhost.com\/blog\/contact\/","name":"\u0130leti\u015fim &raquo; \u0130zHost Blog, Teknolojiden g\u00fcncel haberler","isPartOf":{"@id":"https:\/\/izhost.com\/blog\/#website"},"datePublished":"2014-11-26T13:11:14+00:00","dateModified":"2020-01-05T16:59:02+00:00","breadcrumb":{"@id":"https:\/\/izhost.com\/blog\/contact\/#breadcrumb"},"inLanguage":"tr","potentialAction":[{"@type":"ReadAction","target":["https:\/\/izhost.com\/blog\/contact\/"]}]},{"@type":"BreadcrumbList","@id":"https:\/\/izhost.com\/blog\/contact\/#breadcrumb","itemListElement":[{"@type":"ListItem","position":1,"name":"Ana sayfa","item":"https:\/\/izhost.com\/blog\/"},{"@type":"ListItem","position":2,"name":"\u0130leti\u015fim"}]}]}},"_links":{"self":[{"href":"https:\/\/izhost.com\/blog\/wp-json\/wp\/v2\/pages\/294"}],"collection":[{"href":"https:\/\/izhost.com\/blog\/wp-json\/wp\/v2\/pages"}],"about":[{"href":"https:\/\/izhost.com\/blog\/wp-json\/wp\/v2\/types\/page"}],"author":[{"embeddable":true,"href":"https:\/\/izhost.com\/blog\/wp-json\/wp\/v2\/users\/1"}],"replies":[{"embeddable":true,"href":"https:\/\/izhost.com\/blog\/wp-json\/wp\/v2\/comments?post=294"}],"version-history":[{"count":1,"href":"https:\/\/izhost.com\/blog\/wp-json\/wp\/v2\/pages\/294\/revisions"}],"predecessor-version":[{"id":1144,"href":"https:\/\/izhost.com\/blog\/wp-json\/wp\/v2\/pages\/294\/revisions\/1144"}],"wp:attachment":[{"href":"https:\/\/izhost.com\/blog\/wp-json\/wp\/v2\/media?parent=294"}],"curies":[{"name":"wp","href":"https:\/\/api.w.org\/{rel}","templated":true}]}}