{"id":207,"date":"2014-11-25T18:04:37","date_gmt":"2014-11-25T18:04:37","guid":{"rendered":"https:\/\/demo.mekshq.com\/voice\/dc\/?page_id=207"},"modified":"2021-05-24T18:31:10","modified_gmt":"2021-05-24T15:31:10","slug":"home","status":"publish","type":"page","link":"https:\/\/izhost.com\/blog\/","title":{"rendered":"Anasayfa"},"content":{"rendered":"","protected":false},"excerpt":{"rendered":"","protected":false},"author":1,"featured_media":0,"parent":0,"menu_order":0,"comment_status":"open","ping_status":"open","template":"template-modules.php","meta":[],"yoast_head":"<!-- This site is optimized with the Yoast SEO plugin v18.0 - https:\/\/yoast.com\/wordpress\/plugins\/seo\/ -->\n<title>Anasayfa &raquo; \u0130zHost Blog, Teknolojiden g\u00fcncel haberler<\/title>\n<meta name=\"description\" content=\"En g\u00fcncel teknoloji haberleri ile b\u00fct\u00fcn bilgileri tek bir noktadan edinin. Web hosting, sunucu, cloud (bulut sunucu), cdn ve ssl gibi hizmetlerimiz ile en iyi performans\u0131 yakalay\u0131n. Network ve Sistem alt yap\u0131lar\u0131n\u0131z i\u00e7in y\u00f6netim ve dan\u0131\u015fmanl\u0131k hizmeti ile profesyonel hizmetimiz ile tan\u0131\u015f\u0131n.\" \/>\n<meta name=\"robots\" content=\"index, follow, max-snippet:-1, max-image-preview:large, max-video-preview:-1\" \/>\n<link rel=\"canonical\" href=\"https:\/\/izhost.com\/blog\/\" \/>\n<meta property=\"og:locale\" content=\"tr_TR\" \/>\n<meta property=\"og:type\" content=\"article\" \/>\n<meta property=\"og:title\" content=\"Anasayfa &raquo; \u0130zHost Blog, Teknolojiden g\u00fcncel haberler\" \/>\n<meta property=\"og:description\" content=\"En g\u00fcncel teknoloji haberleri ile b\u00fct\u00fcn bilgileri tek bir noktadan edinin. Web hosting, sunucu, cloud (bulut sunucu), cdn ve ssl gibi hizmetlerimiz ile en iyi performans\u0131 yakalay\u0131n. Network ve Sistem alt yap\u0131lar\u0131n\u0131z i\u00e7in y\u00f6netim ve dan\u0131\u015fmanl\u0131k hizmeti ile profesyonel hizmetimiz ile tan\u0131\u015f\u0131n.\" \/>\n<meta property=\"og:url\" content=\"https:\/\/izhost.com\/blog\/\" \/>\n<meta property=\"og:site_name\" content=\"\u0130zHost Blog, Teknolojiden g\u00fcncel haberler\" \/>\n<meta property=\"article:modified_time\" content=\"2021-05-24T15:31:10+00:00\" \/>\n<meta name=\"twitter:card\" content=\"summary_large_image\" \/>\n<meta name=\"twitter:site\" content=\"@izhostcom\" \/>\n<script type=\"application\/ld+json\" class=\"yoast-schema-graph\">{\"@context\":\"https:\/\/schema.org\",\"@graph\":[{\"@type\":\"WebSite\",\"@id\":\"https:\/\/izhost.com\/blog\/#website\",\"url\":\"https:\/\/izhost.com\/blog\/\",\"name\":\"\u0130zHost Blog, Teknolojiden g\u00fcncel haberler\",\"description\":\"Domain, Hosting, Sunucu Y\u00f6netimi ve Teknoloji d\u00fcnyas\u0131ndan haberler.\",\"potentialAction\":[{\"@type\":\"SearchAction\",\"target\":{\"@type\":\"EntryPoint\",\"urlTemplate\":\"https:\/\/izhost.com\/blog\/?s={search_term_string}\"},\"query-input\":\"required name=search_term_string\"}],\"inLanguage\":\"tr\"},{\"@type\":\"WebPage\",\"@id\":\"https:\/\/izhost.com\/blog\/#webpage\",\"url\":\"https:\/\/izhost.com\/blog\/\",\"name\":\"Anasayfa &raquo; \u0130zHost Blog, Teknolojiden g\u00fcncel haberler\",\"isPartOf\":{\"@id\":\"https:\/\/izhost.com\/blog\/#website\"},\"datePublished\":\"2014-11-25T18:04:37+00:00\",\"dateModified\":\"2021-05-24T15:31:10+00:00\",\"description\":\"En g\u00fcncel teknoloji haberleri ile b\u00fct\u00fcn bilgileri tek bir noktadan edinin. Web hosting, sunucu, cloud (bulut sunucu), cdn ve ssl gibi hizmetlerimiz ile en iyi performans\u0131 yakalay\u0131n. Network ve Sistem alt yap\u0131lar\u0131n\u0131z i\u00e7in y\u00f6netim ve dan\u0131\u015fmanl\u0131k hizmeti ile profesyonel hizmetimiz ile tan\u0131\u015f\u0131n.\",\"breadcrumb\":{\"@id\":\"https:\/\/izhost.com\/blog\/#breadcrumb\"},\"inLanguage\":\"tr\",\"potentialAction\":[{\"@type\":\"ReadAction\",\"target\":[\"https:\/\/izhost.com\/blog\/\"]}]},{\"@type\":\"BreadcrumbList\",\"@id\":\"https:\/\/izhost.com\/blog\/#breadcrumb\",\"itemListElement\":[{\"@type\":\"ListItem\",\"position\":1,\"name\":\"Ana sayfa\",\"item\":\"https:\/\/izhost.com\/blog\/\"},{\"@type\":\"ListItem\",\"position\":2,\"name\":\"Anasayfa\"}]}]}<\/script>\n<!-- \/ Yoast SEO plugin. -->","yoast_head_json":{"title":"Anasayfa &raquo; \u0130zHost Blog, Teknolojiden g\u00fcncel haberler","description":"En g\u00fcncel teknoloji haberleri ile b\u00fct\u00fcn bilgileri tek bir noktadan edinin. Web hosting, sunucu, cloud (bulut sunucu), cdn ve ssl gibi hizmetlerimiz ile en iyi performans\u0131 yakalay\u0131n. Network ve Sistem alt yap\u0131lar\u0131n\u0131z i\u00e7in y\u00f6netim ve dan\u0131\u015fmanl\u0131k hizmeti ile profesyonel hizmetimiz ile tan\u0131\u015f\u0131n.","robots":{"index":"index","follow":"follow","max-snippet":"max-snippet:-1","max-image-preview":"max-image-preview:large","max-video-preview":"max-video-preview:-1"},"canonical":"https:\/\/izhost.com\/blog\/","og_locale":"tr_TR","og_type":"article","og_title":"Anasayfa &raquo; \u0130zHost Blog, Teknolojiden g\u00fcncel haberler","og_description":"En g\u00fcncel teknoloji haberleri ile b\u00fct\u00fcn bilgileri tek bir noktadan edinin. Web hosting, sunucu, cloud (bulut sunucu), cdn ve ssl gibi hizmetlerimiz ile en iyi performans\u0131 yakalay\u0131n. Network ve Sistem alt yap\u0131lar\u0131n\u0131z i\u00e7in y\u00f6netim ve dan\u0131\u015fmanl\u0131k hizmeti ile profesyonel hizmetimiz ile tan\u0131\u015f\u0131n.","og_url":"https:\/\/izhost.com\/blog\/","og_site_name":"\u0130zHost Blog, Teknolojiden g\u00fcncel haberler","article_modified_time":"2021-05-24T15:31:10+00:00","twitter_card":"summary_large_image","twitter_site":"@izhostcom","schema":{"@context":"https:\/\/schema.org","@graph":[{"@type":"WebSite","@id":"https:\/\/izhost.com\/blog\/#website","url":"https:\/\/izhost.com\/blog\/","name":"\u0130zHost Blog, Teknolojiden g\u00fcncel haberler","description":"Domain, Hosting, Sunucu Y\u00f6netimi ve Teknoloji d\u00fcnyas\u0131ndan haberler.","potentialAction":[{"@type":"SearchAction","target":{"@type":"EntryPoint","urlTemplate":"https:\/\/izhost.com\/blog\/?s={search_term_string}"},"query-input":"required name=search_term_string"}],"inLanguage":"tr"},{"@type":"WebPage","@id":"https:\/\/izhost.com\/blog\/#webpage","url":"https:\/\/izhost.com\/blog\/","name":"Anasayfa &raquo; \u0130zHost Blog, Teknolojiden g\u00fcncel haberler","isPartOf":{"@id":"https:\/\/izhost.com\/blog\/#website"},"datePublished":"2014-11-25T18:04:37+00:00","dateModified":"2021-05-24T15:31:10+00:00","description":"En g\u00fcncel teknoloji haberleri ile b\u00fct\u00fcn bilgileri tek bir noktadan edinin. Web hosting, sunucu, cloud (bulut sunucu), cdn ve ssl gibi hizmetlerimiz ile en iyi performans\u0131 yakalay\u0131n. Network ve Sistem alt yap\u0131lar\u0131n\u0131z i\u00e7in y\u00f6netim ve dan\u0131\u015fmanl\u0131k hizmeti ile profesyonel hizmetimiz ile tan\u0131\u015f\u0131n.","breadcrumb":{"@id":"https:\/\/izhost.com\/blog\/#breadcrumb"},"inLanguage":"tr","potentialAction":[{"@type":"ReadAction","target":["https:\/\/izhost.com\/blog\/"]}]},{"@type":"BreadcrumbList","@id":"https:\/\/izhost.com\/blog\/#breadcrumb","itemListElement":[{"@type":"ListItem","position":1,"name":"Ana sayfa","item":"https:\/\/izhost.com\/blog\/"},{"@type":"ListItem","position":2,"name":"Anasayfa"}]}]}},"_links":{"self":[{"href":"https:\/\/izhost.com\/blog\/wp-json\/wp\/v2\/pages\/207"}],"collection":[{"href":"https:\/\/izhost.com\/blog\/wp-json\/wp\/v2\/pages"}],"about":[{"href":"https:\/\/izhost.com\/blog\/wp-json\/wp\/v2\/types\/page"}],"author":[{"embeddable":true,"href":"https:\/\/izhost.com\/blog\/wp-json\/wp\/v2\/users\/1"}],"replies":[{"embeddable":true,"href":"https:\/\/izhost.com\/blog\/wp-json\/wp\/v2\/comments?post=207"}],"version-history":[{"count":2,"href":"https:\/\/izhost.com\/blog\/wp-json\/wp\/v2\/pages\/207\/revisions"}],"predecessor-version":[{"id":984,"href":"https:\/\/izhost.com\/blog\/wp-json\/wp\/v2\/pages\/207\/revisions\/984"}],"wp:attachment":[{"href":"https:\/\/izhost.com\/blog\/wp-json\/wp\/v2\/media?parent=207"}],"curies":[{"name":"wp","href":"https:\/\/api.w.org\/{rel}","templated":true}]}}