{"id":14,"date":"2020-01-03T20:20:43","date_gmt":"2020-01-03T17:20:43","guid":{"rendered":"https:\/\/izhost.com\/blog\/?page_id=14"},"modified":"2020-01-05T19:57:43","modified_gmt":"2020-01-05T16:57:43","slug":"sunucu","status":"publish","type":"page","link":"https:\/\/izhost.com\/blog\/sunucu\/","title":{"rendered":"Cloud Sunucu"},"content":{"rendered":"","protected":false},"excerpt":{"rendered":"","protected":false},"author":1,"featured_media":0,"parent":0,"menu_order":2,"comment_status":"closed","ping_status":"closed","template":"","meta":[],"yoast_head":"<!-- This site is optimized with the Yoast SEO plugin v18.0 - https:\/\/yoast.com\/wordpress\/plugins\/seo\/ -->\n<title>Cloud Sunucu &raquo; \u0130zHost Blog, Teknolojiden g\u00fcncel haberler<\/title>\n<meta name=\"robots\" content=\"index, follow, max-snippet:-1, max-image-preview:large, max-video-preview:-1\" \/>\n<link rel=\"canonical\" href=\"https:\/\/izhost.com\/blog\/sunucu\/\" \/>\n<meta property=\"og:locale\" content=\"tr_TR\" \/>\n<meta property=\"og:type\" content=\"article\" \/>\n<meta property=\"og:title\" content=\"Cloud Sunucu &raquo; \u0130zHost Blog, Teknolojiden g\u00fcncel haberler\" \/>\n<meta property=\"og:url\" content=\"https:\/\/izhost.com\/blog\/sunucu\/\" \/>\n<meta property=\"og:site_name\" content=\"\u0130zHost Blog, Teknolojiden g\u00fcncel haberler\" \/>\n<meta property=\"article:modified_time\" content=\"2020-01-05T16:57:43+00:00\" \/>\n<meta name=\"twitter:card\" content=\"summary_large_image\" \/>\n<meta name=\"twitter:site\" content=\"@izhostcom\" \/>\n<script type=\"application\/ld+json\" class=\"yoast-schema-graph\">{\"@context\":\"https:\/\/schema.org\",\"@graph\":[{\"@type\":\"WebSite\",\"@id\":\"https:\/\/izhost.com\/blog\/#website\",\"url\":\"https:\/\/izhost.com\/blog\/\",\"name\":\"\u0130zHost Blog, Teknolojiden g\u00fcncel haberler\",\"description\":\"Domain, Hosting, Sunucu Y\u00f6netimi ve Teknoloji d\u00fcnyas\u0131ndan haberler.\",\"potentialAction\":[{\"@type\":\"SearchAction\",\"target\":{\"@type\":\"EntryPoint\",\"urlTemplate\":\"https:\/\/izhost.com\/blog\/?s={search_term_string}\"},\"query-input\":\"required name=search_term_string\"}],\"inLanguage\":\"tr\"},{\"@type\":\"WebPage\",\"@id\":\"https:\/\/izhost.com\/blog\/sunucu\/#webpage\",\"url\":\"https:\/\/izhost.com\/blog\/sunucu\/\",\"name\":\"Cloud Sunucu &raquo; \u0130zHost Blog, Teknolojiden g\u00fcncel haberler\",\"isPartOf\":{\"@id\":\"https:\/\/izhost.com\/blog\/#website\"},\"datePublished\":\"2020-01-03T17:20:43+00:00\",\"dateModified\":\"2020-01-05T16:57:43+00:00\",\"breadcrumb\":{\"@id\":\"https:\/\/izhost.com\/blog\/sunucu\/#breadcrumb\"},\"inLanguage\":\"tr\",\"potentialAction\":[{\"@type\":\"ReadAction\",\"target\":[\"https:\/\/izhost.com\/blog\/sunucu\/\"]}]},{\"@type\":\"BreadcrumbList\",\"@id\":\"https:\/\/izhost.com\/blog\/sunucu\/#breadcrumb\",\"itemListElement\":[{\"@type\":\"ListItem\",\"position\":1,\"name\":\"Ana sayfa\",\"item\":\"https:\/\/izhost.com\/blog\/\"},{\"@type\":\"ListItem\",\"position\":2,\"name\":\"Cloud Sunucu\"}]}]}<\/script>\n<!-- \/ Yoast SEO plugin. -->","yoast_head_json":{"title":"Cloud Sunucu &raquo; \u0130zHost Blog, Teknolojiden g\u00fcncel haberler","robots":{"index":"index","follow":"follow","max-snippet":"max-snippet:-1","max-image-preview":"max-image-preview:large","max-video-preview":"max-video-preview:-1"},"canonical":"https:\/\/izhost.com\/blog\/sunucu\/","og_locale":"tr_TR","og_type":"article","og_title":"Cloud Sunucu &raquo; \u0130zHost Blog, Teknolojiden g\u00fcncel haberler","og_url":"https:\/\/izhost.com\/blog\/sunucu\/","og_site_name":"\u0130zHost Blog, Teknolojiden g\u00fcncel haberler","article_modified_time":"2020-01-05T16:57:43+00:00","twitter_card":"summary_large_image","twitter_site":"@izhostcom","schema":{"@context":"https:\/\/schema.org","@graph":[{"@type":"WebSite","@id":"https:\/\/izhost.com\/blog\/#website","url":"https:\/\/izhost.com\/blog\/","name":"\u0130zHost Blog, Teknolojiden g\u00fcncel haberler","description":"Domain, Hosting, Sunucu Y\u00f6netimi ve Teknoloji d\u00fcnyas\u0131ndan haberler.","potentialAction":[{"@type":"SearchAction","target":{"@type":"EntryPoint","urlTemplate":"https:\/\/izhost.com\/blog\/?s={search_term_string}"},"query-input":"required name=search_term_string"}],"inLanguage":"tr"},{"@type":"WebPage","@id":"https:\/\/izhost.com\/blog\/sunucu\/#webpage","url":"https:\/\/izhost.com\/blog\/sunucu\/","name":"Cloud Sunucu &raquo; \u0130zHost Blog, Teknolojiden g\u00fcncel haberler","isPartOf":{"@id":"https:\/\/izhost.com\/blog\/#website"},"datePublished":"2020-01-03T17:20:43+00:00","dateModified":"2020-01-05T16:57:43+00:00","breadcrumb":{"@id":"https:\/\/izhost.com\/blog\/sunucu\/#breadcrumb"},"inLanguage":"tr","potentialAction":[{"@type":"ReadAction","target":["https:\/\/izhost.com\/blog\/sunucu\/"]}]},{"@type":"BreadcrumbList","@id":"https:\/\/izhost.com\/blog\/sunucu\/#breadcrumb","itemListElement":[{"@type":"ListItem","position":1,"name":"Ana sayfa","item":"https:\/\/izhost.com\/blog\/"},{"@type":"ListItem","position":2,"name":"Cloud Sunucu"}]}]}},"_links":{"self":[{"href":"https:\/\/izhost.com\/blog\/wp-json\/wp\/v2\/pages\/14"}],"collection":[{"href":"https:\/\/izhost.com\/blog\/wp-json\/wp\/v2\/pages"}],"about":[{"href":"https:\/\/izhost.com\/blog\/wp-json\/wp\/v2\/types\/page"}],"author":[{"embeddable":true,"href":"https:\/\/izhost.com\/blog\/wp-json\/wp\/v2\/users\/1"}],"replies":[{"embeddable":true,"href":"https:\/\/izhost.com\/blog\/wp-json\/wp\/v2\/comments?post=14"}],"version-history":[{"count":3,"href":"https:\/\/izhost.com\/blog\/wp-json\/wp\/v2\/pages\/14\/revisions"}],"predecessor-version":[{"id":1142,"href":"https:\/\/izhost.com\/blog\/wp-json\/wp\/v2\/pages\/14\/revisions\/1142"}],"wp:attachment":[{"href":"https:\/\/izhost.com\/blog\/wp-json\/wp\/v2\/media?parent=14"}],"curies":[{"name":"wp","href":"https:\/\/api.w.org\/{rel}","templated":true}]}}